{"id":2699,"date":"2023-07-28T13:40:48","date_gmt":"2023-07-28T11:40:48","guid":{"rendered":"https:\/\/vonrohr.de\/?page_id=2699"},"modified":"2024-04-02T10:04:38","modified_gmt":"2024-04-02T08:04:38","slug":"jan-berndt","status":"publish","type":"page","link":"https:\/\/vonrohr.de\/en\/team\/jan-berndt\/","title":{"rendered":"Jan Berndt"},"content":{"rendered":"[vc_row type=&#8221;full_width_background&#8221; full_screen_row_position=&#8221;middle&#8221; column_margin=&#8221;default&#8221; equal_height=&#8221;yes&#8221; column_direction=&#8221;default&#8221; column_direction_tablet=&#8221;default&#8221; column_direction_phone=&#8221;default&#8221; bg_image=&#8221;2629&#8243; bg_position=&#8221;center center&#8221; background_image_loading=&#8221;default&#8221; bg_repeat=&#8221;no-repeat&#8221; full_height=&#8221;yes&#8221; scene_position=&#8221;center&#8221; text_color=&#8221;dark&#8221; text_align=&#8221;left&#8221; row_border_radius=&#8221;none&#8221; row_border_radius_applies=&#8221;bg&#8221; zindex=&#8221;10&#8243; overflow=&#8221;visible&#8221; class=&#8221;invisibleOnMobile&#8221; overlay_strength=&#8221;0.3&#8243; gradient_direction=&#8221;left_to_right&#8221; shape_divider_position=&#8221;bottom&#8221; bg_image_animation=&#8221;none&#8221; shape_type=&#8221;&#8221; gradient_type=&#8221;default&#8221;][vc_column column_padding=&#8221;no-extra-padding&#8221; column_padding_tablet=&#8221;inherit&#8221; column_padding_phone=&#8221;inherit&#8221; column_padding_position=&#8221;all&#8221; column_element_direction_desktop=&#8221;default&#8221; column_element_spacing=&#8221;default&#8221; desktop_text_alignment=&#8221;default&#8221; tablet_text_alignment=&#8221;default&#8221; phone_text_alignment=&#8221;default&#8221; background_color_opacity=&#8221;1&#8243; background_hover_color_opacity=&#8221;1&#8243; column_backdrop_filter=&#8221;none&#8221; column_shadow=&#8221;none&#8221; column_border_radius=&#8221;none&#8221; column_link_target=&#8221;_self&#8221; column_position=&#8221;default&#8221; gradient_direction=&#8221;left_to_right&#8221; overlay_strength=&#8221;0.3&#8243; width=&#8221;1\/2&#8243; tablet_width_inherit=&#8221;default&#8221; animation_type=&#8221;default&#8221; bg_image_animation=&#8221;none&#8221; border_type=&#8221;simple&#8221; column_border_width=&#8221;none&#8221; column_border_style=&#8221;solid&#8221; offset=&#8221;vc_hidden-sm vc_hidden-xs&#8221;][vc_row_inner column_margin=&#8221;default&#8221; column_direction=&#8221;default&#8221; column_direction_tablet=&#8221;default&#8221; column_direction_phone=&#8221;default&#8221; text_align=&#8221;left&#8221; row_position=&#8221;default&#8221; row_position_tablet=&#8221;inherit&#8221; row_position_phone=&#8221;inherit&#8221; overflow=&#8221;visible&#8221; pointer_events=&#8221;all&#8221;][vc_column_inner column_padding=&#8221;padding-5-percent&#8221; column_padding_tablet=&#8221;inherit&#8221; column_padding_phone=&#8221;inherit&#8221; column_padding_position=&#8221;all&#8221; top_margin=&#8221;120&#8243; bottom_margin=&#8221;120&#8243; column_element_direction_desktop=&#8221;default&#8221; column_element_spacing=&#8221;default&#8221; desktop_text_alignment=&#8221;default&#8221; tablet_text_alignment=&#8221;default&#8221; phone_text_alignment=&#8221;default&#8221; background_color=&#8221;#ffffff&#8221; background_color_opacity=&#8221;0.8&#8243; background_hover_color_opacity=&#8221;1&#8243; column_backdrop_filter=&#8221;none&#8221; column_shadow=&#8221;medium_depth&#8221; column_border_radius=&#8221;none&#8221; column_link_target=&#8221;_self&#8221; overflow=&#8221;visible&#8221; gradient_direction=&#8221;left_to_right&#8221; overlay_strength=&#8221;0.3&#8243; width=&#8221;1\/1&#8243; tablet_width_inherit=&#8221;default&#8221; animation_type=&#8221;default&#8221; bg_image_animation=&#8221;none&#8221; border_type=&#8221;simple&#8221; column_border_width=&#8221;none&#8221; column_border_style=&#8221;solid&#8221;][vc_column_text]\n<h1>Jan Berndt<\/h1>\n<h3>M.Sc. Engineering<\/h3>\n[\/vc_column_text][vc_column_text el_class=&#8221;maxHeight&#8221;]Jan Berndt joined VON ROHR in April 2022 as a researcher, with the long-term aim of patent attorney training. As a researcher, his task is to determine relevant state of the art with the help of different research tools. This includes both quick overview research concerning the state of the art, e.g. for evaluating the protectability of inventions, as well as more detailed research, to determine relevant third party property rights or to prepare complex settlement or invalidity trials. Furthermore, design and trademark research are part of his field of activity.<\/p>\n<p>Before joining VON ROHR, Jan Berndt worked several years in the automotive industry with a focus on component investigations and testing, already participating with his knowledge and technical comprehension in a significant manner. For example, he was in charge for establishing and supervising the rig test section.<\/p>\n<p>Jan Berndt finished his studies in mechanical in engineering with a focus on vehicle drive technology in 2014 with the degree \u201cMaster of Science\u201d. In his master thesis, he dealt with tribological wear investigations on one cylinder combined heat and power units.<\/p>\n<p>He uses his acquired, technical experience at VON ROHR, to conceive, perform and evaluate research, customized to specific, individual needs of the clients.[\/vc_column_text][\/vc_column_inner][\/vc_row_inner][\/vc_column][vc_column column_padding=&#8221;no-extra-padding&#8221; column_padding_tablet=&#8221;inherit&#8221; column_padding_phone=&#8221;inherit&#8221; column_padding_position=&#8221;all&#8221; column_element_direction_desktop=&#8221;default&#8221; column_element_spacing=&#8221;default&#8221; desktop_text_alignment=&#8221;default&#8221; tablet_text_alignment=&#8221;default&#8221; phone_text_alignment=&#8221;default&#8221; background_color_opacity=&#8221;1&#8243; background_hover_color_opacity=&#8221;1&#8243; column_backdrop_filter=&#8221;none&#8221; column_shadow=&#8221;none&#8221; column_border_radius=&#8221;none&#8221; column_link_target=&#8221;_self&#8221; column_position=&#8221;default&#8221; gradient_direction=&#8221;left_to_right&#8221; overlay_strength=&#8221;0.3&#8243; width=&#8221;1\/2&#8243; tablet_width_inherit=&#8221;default&#8221; animation_type=&#8221;default&#8221; bg_image_animation=&#8221;none&#8221; border_type=&#8221;simple&#8221; column_border_width=&#8221;none&#8221; column_border_style=&#8221;solid&#8221; offset=&#8221;vc_hidden-sm vc_hidden-xs&#8221;][\/vc_column][\/vc_row][vc_row type=&#8221;full_width_content&#8221; full_screen_row_position=&#8221;middle&#8221; column_margin=&#8221;default&#8221; column_direction=&#8221;default&#8221; column_direction_tablet=&#8221;default&#8221; column_direction_phone=&#8221;default&#8221; scene_position=&#8221;center&#8221; text_color=&#8221;dark&#8221; text_align=&#8221;left&#8221; row_border_radius=&#8221;none&#8221; row_border_radius_applies=&#8221;bg&#8221; zindex=&#8221;10&#8243; overflow=&#8221;visible&#8221; class=&#8221;main_portrait&#8221; enable_gradient=&#8221;true&#8221; color_overlay=&#8221;rgba(0,0,0,0.01)&#8221; color_overlay_2=&#8221;rgba(0,0,0,0.25)&#8221; overlay_strength=&#8221;0.3&#8243; gradient_direction=&#8221;top_to_bottom&#8221; shape_divider_position=&#8221;bottom&#8221; bg_image_animation=&#8221;none&#8221; shape_type=&#8221;&#8221; gradient_type=&#8221;default&#8221;][vc_column column_padding=&#8221;no-extra-padding&#8221; column_padding_tablet=&#8221;inherit&#8221; column_padding_phone=&#8221;inherit&#8221; column_padding_position=&#8221;all&#8221; column_element_direction_desktop=&#8221;default&#8221; column_element_spacing=&#8221;default&#8221; desktop_text_alignment=&#8221;default&#8221; tablet_text_alignment=&#8221;default&#8221; phone_text_alignment=&#8221;default&#8221; background_color_opacity=&#8221;1&#8243; background_hover_color_opacity=&#8221;1&#8243; column_backdrop_filter=&#8221;none&#8221; column_shadow=&#8221;none&#8221; column_border_radius=&#8221;none&#8221; column_link_target=&#8221;_self&#8221; column_position=&#8221;default&#8221; gradient_direction=&#8221;left_to_right&#8221; overlay_strength=&#8221;0.3&#8243; width=&#8221;1\/1&#8243; tablet_width_inherit=&#8221;default&#8221; animation_type=&#8221;default&#8221; bg_image_animation=&#8221;none&#8221; border_type=&#8221;simple&#8221; column_border_width=&#8221;none&#8221; column_border_style=&#8221;solid&#8221; offset=&#8221;vc_hidden-lg vc_hidden-md&#8221;][image_with_animation image_url=&#8221;2630&#8243; image_size=&#8221;full&#8221; animation_type=&#8221;entrance&#8221; animation=&#8221;Fade In&#8221; animation_easing=&#8221;default&#8221; animation_movement_type=&#8221;transform_y&#8221; hover_animation=&#8221;none&#8221; alignment=&#8221;&#8221; border_radius=&#8221;none&#8221; box_shadow=&#8221;none&#8221; image_loading=&#8221;default&#8221; max_width=&#8221;100%&#8221; max_width_mobile=&#8221;default&#8221;][vc_row_inner column_margin=&#8221;default&#8221; column_direction=&#8221;default&#8221; column_direction_tablet=&#8221;default&#8221; column_direction_phone=&#8221;default&#8221; text_align=&#8221;left&#8221; row_position=&#8221;default&#8221; row_position_tablet=&#8221;inherit&#8221; row_position_phone=&#8221;inherit&#8221; overflow=&#8221;visible&#8221; pointer_events=&#8221;all&#8221;][vc_column_inner column_padding=&#8221;padding-6-percent&#8221; column_padding_tablet=&#8221;inherit&#8221; column_padding_phone=&#8221;inherit&#8221; column_padding_position=&#8221;all&#8221; column_element_direction_desktop=&#8221;default&#8221; column_element_spacing=&#8221;default&#8221; desktop_text_alignment=&#8221;default&#8221; tablet_text_alignment=&#8221;default&#8221; phone_text_alignment=&#8221;default&#8221; background_color=&#8221;#ffffff&#8221; background_color_opacity=&#8221;1&#8243; background_hover_color_opacity=&#8221;1&#8243; column_backdrop_filter=&#8221;none&#8221; column_shadow=&#8221;none&#8221; column_border_radius=&#8221;none&#8221; column_link_target=&#8221;_self&#8221; overflow=&#8221;visible&#8221; gradient_direction=&#8221;left_to_right&#8221; overlay_strength=&#8221;0.3&#8243; width=&#8221;1\/1&#8243; tablet_width_inherit=&#8221;default&#8221; animation_type=&#8221;default&#8221; bg_image_animation=&#8221;none&#8221; border_type=&#8221;simple&#8221; column_border_width=&#8221;none&#8221; column_border_style=&#8221;solid&#8221;][vc_column_text]\n<h1>Jan Berndt<\/h1>\n<h3>M.Sc. Engineering<\/h3>\n[\/vc_column_text][vc_column_text]Jan Berndt trat der Soziet\u00e4t <span style=\"text-transform:uppercase;\">von&nbsp;Rohr<\/span> im April 2022 als Rechercheur bei, und zwar mit dem Ziel der Ausbildung zum Patentanwalt. Als Rechercheur befasst sich Herr Berndt mit der Ermittlung des relevanten Standes der Technik mit Hilfe von verschiedenen Recherchetools. Dazu geh\u00f6ren sowohl die Durchf\u00fchrung schneller \u00dcbersichtsrecherchen zum Stand der Technik beispielsweise zur Bewertung der Schutzf\u00e4higkeit von Erfindungen als auch umfangreicher Recherchen zur Ermittlung von entgegenstehenden Schutzrechten Dritter oder zur Vorbereitung von komplexen Einspruchs- und Nichtigkeitsverfahren. Zus\u00e4tzlich zu Patentrecherchen geh\u00f6ren auch Design- und Markenrecherchen zu seinem Aufgabenbereich.<\/p>\n<p>Vor seiner T\u00e4tigkeit bei <span style=\"text-transform:uppercase;\">von&nbsp;Rohr<\/span> hat Jan Berndt mehrere Jahre in der Automobilzulieferindustrie mit dem Schwerpunkt auf Bauteilanalyse und -erprobung gearbeitet und sein Wissen und technisches Verst\u00e4ndnis bereits hier ma\u00dfgeblich eingebracht. Unter anderem war er in weiten Teilen verantwortlich f\u00fcr Aufbau und Betreuung des Pr\u00fcfstandsbereichs.<\/p>\n<p>Jan Berndt hat sein Maschinenbaustudium der Vertiefungsrichtung Kraftfahrzeugantriebstechnik an der Ruhr-Universit\u00e4t Bochum im Jahr 2014 erfolgreich mit dem Grad \u201eMaster of Science\u201c abgeschlossen. In seiner Masterarbeit besch\u00e4ftigte er sich mit tribologischen Verschlei\u00dfuntersuchungen an Blockheizkraftwerken.<\/p>\n<p>Seine auf diese Weise erworbene technische Erfahrung setzt Herr Berndt bei <span style=\"text-transform:uppercase;\">von&nbsp;Rohr<\/span> ein, um unter Ber\u00fccksichtigung der individuellen Anforderungen der Mandanten ma\u00dfgeschneiderte Recherchen f\u00fcr das bestm\u00f6gliche Ergebnis zu konzipieren, durchzuf\u00fchren und auszuwerten.[\/vc_column_text][\/vc_column_inner][\/vc_row_inner][divider line_type=&#8221;No Line&#8221; custom_height=&#8221;165&#8243;][\/vc_column][\/vc_row]\n","protected":false},"excerpt":{"rendered":"<p>[vc_row type=&#8221;full_width_background&#8221; full_screen_row_position=&#8221;middle&#8221; column_margin=&#8221;default&#8221; equal_height=&#8221;yes&#8221; column_direction=&#8221;default&#8221; column_direction_tablet=&#8221;default&#8221; column_direction_phone=&#8221;default&#8221; bg_image=&#8221;2629&#8243; bg_position=&#8221;center center&#8221; background_image_loading=&#8221;default&#8221; bg_repeat=&#8221;no-repeat&#8221; full_height=&#8221;yes&#8221; scene_position=&#8221;center&#8221; text_color=&#8221;dark&#8221; text_align=&#8221;left&#8221; row_border_radius=&#8221;none&#8221; row_border_radius_applies=&#8221;bg&#8221; zindex=&#8221;10&#8243; overflow=&#8221;visible&#8221; class=&#8221;invisibleOnMobile&#8221; overlay_strength=&#8221;0.3&#8243; gradient_direction=&#8221;left_to_right&#8221; shape_divider_position=&#8221;bottom&#8221; bg_image_animation=&#8221;none&#8221; shape_type=&#8221;&#8221; gradient_type=&#8221;default&#8221;][vc_column column_padding=&#8221;no-extra-padding&#8221; column_padding_tablet=&#8221;inherit&#8221;&#8230;<\/p>\n","protected":false},"author":2,"featured_media":0,"parent":3139,"menu_order":0,"comment_status":"closed","ping_status":"closed","template":"","meta":{"footnotes":""},"class_list":["post-2699","page","type-page","status-publish"],"_links":{"self":[{"href":"https:\/\/vonrohr.de\/en\/wp-json\/wp\/v2\/pages\/2699","targetHints":{"allow":["GET"]}}],"collection":[{"href":"https:\/\/vonrohr.de\/en\/wp-json\/wp\/v2\/pages"}],"about":[{"href":"https:\/\/vonrohr.de\/en\/wp-json\/wp\/v2\/types\/page"}],"author":[{"embeddable":true,"href":"https:\/\/vonrohr.de\/en\/wp-json\/wp\/v2\/users\/2"}],"replies":[{"embeddable":true,"href":"https:\/\/vonrohr.de\/en\/wp-json\/wp\/v2\/comments?post=2699"}],"version-history":[{"count":6,"href":"https:\/\/vonrohr.de\/en\/wp-json\/wp\/v2\/pages\/2699\/revisions"}],"predecessor-version":[{"id":2909,"href":"https:\/\/vonrohr.de\/en\/wp-json\/wp\/v2\/pages\/2699\/revisions\/2909"}],"up":[{"embeddable":true,"href":"https:\/\/vonrohr.de\/en\/wp-json\/wp\/v2\/pages\/3139"}],"wp:attachment":[{"href":"https:\/\/vonrohr.de\/en\/wp-json\/wp\/v2\/media?parent=2699"}],"curies":[{"name":"wp","href":"https:\/\/api.w.org\/{rel}","templated":true}]}}